{"id":375,"date":"2025-01-03T19:54:32","date_gmt":"2025-01-03T19:54:32","guid":{"rendered":"https:\/\/centruminpsychekatowice.pl\/?page_id=375"},"modified":"2025-02-26T20:44:22","modified_gmt":"2025-02-26T20:44:22","slug":"aneta-piskorek","status":"publish","type":"page","link":"https:\/\/centruminpsychekatowice.pl\/index.php\/aneta-piskorek\/","title":{"rendered":"Aneta Piskorek"},"content":{"rendered":"<p>[et_pb_section fb_built=&#8221;1&#8243; _builder_version=&#8221;4.27.2&#8243; _module_preset=&#8221;default&#8221; global_colors_info=&#8221;{}&#8221;][et_pb_row _builder_version=&#8221;4.27.2&#8243; _module_preset=&#8221;default&#8221; global_colors_info=&#8221;{}&#8221;][et_pb_column type=&#8221;4_4&#8243; _builder_version=&#8221;4.27.2&#8243; _module_preset=&#8221;default&#8221; global_colors_info=&#8221;{}&#8221;][et_pb_team_member name=&#8221;mgr Aneta Piskorek&#8221; position=&#8221;psycholog; psychoterapeuta&#8221; image_url=&#8221;http:\/\/centruminpsychekatowice.pl\/wp-content\/uploads\/2025\/02\/IMG_1009.png&#8221; _builder_version=&#8221;4.27.2&#8243; _module_preset=&#8221;default&#8221; body_font=&#8221;Montserrat||||||||&#8221; hover_enabled=&#8221;0&#8243; global_colors_info=&#8221;{}&#8221; title_text=&#8221;IMG_1009&#8243; sticky_enabled=&#8221;0&#8243;]<\/p>\n<p><strong>Psycholog i psychoterapeuta \u2013 zaanga\u017cowanie, wyrozumia\u0142o\u015b\u0107, profesjonalizm<\/strong><\/p>\n<p>Jestem psychologiem i psychoterapeut\u0105 z pasj\u0105 oraz zaanga\u017cowaniem w niesienie pomocy osobom w trudnych momentach ich \u017cycia. Moim priorytetem jest zbudowanie relacji opartej na zaufaniu i empatii, co pozwala na stworzenie bezpiecznej przestrzeni dla pracy nad emocjami i trudno\u015bciami.<\/p>\n<p><strong>Do\u015bwiadczenie zawodowe:<\/strong><\/p>\n<ul>\n<li>Psycholog w Fundacji Marwarii<\/li>\n<li>Psycholog i terapeuta w Centrum Psychoterapii mgr Aneta Wr\u00f3blewska<\/li>\n<\/ul>\n<p><strong>Edukacja i szkolenia:<\/strong><\/p>\n<ul>\n<li>Studia magisterskie z psychologii o specjalno\u015bci psychologia kliniczna, Wy\u017csza Szko\u0142a Humanitas w Sosnowcu<\/li>\n<li>Zarz\u0105dzanie i marketing o specjalno\u015bci public relations, Wy\u017csza Szko\u0142a Zarz\u0105dzania i Marketingu w Sosnowcu<\/li>\n<li>Terapia Skoncentrowana na Rozwi\u0105zaniach (poziom I i II), CPSR<\/li>\n<li>Studium Interwencji Kryzysowej<\/li>\n<\/ul>\n<p><strong>Specjalizacje i zakres porad:<\/strong><\/p>\n<ul>\n<li>Psychologia m\u0142odzie\u017cy<\/li>\n<li>Psychologia dzieci<\/li>\n<li>Psychologia kliniczna<\/li>\n<li>Terapia kr\u00f3tkoterminowa<\/li>\n<li>Psychoterapia indywidualna<\/li>\n<li>Psychoterapia uzale\u017cnie\u0144<\/li>\n<li>Psychoterapia par<\/li>\n<li>Psychosomatyka<\/li>\n<\/ul>\n<p>Moj\u0105 misj\u0105 jest wspieranie os\u00f3b w radzeniu sobie z trudno\u015bciami psychicznymi oraz odnajdywaniu lepszej jako\u015bci \u017cycia. Dzi\u0119ki szerokiemu do\u015bwiadczeniu i ci\u0105g\u0142emu doskonaleniu umiej\u0119tno\u015bci staram si\u0119 oferowa\u0107 skuteczn\u0105 i indywidualnie dostosowan\u0105 pomoc.<\/p>\n<p><strong>Publikacje:<\/strong><br \/>Zapraszam do zapoznania si\u0119 z moimi artyku\u0142ami na stronie: <a rel=\"noopener\" target=\"_new\" href=\"https:\/\/www.chce-inaczej.pl\/\"><span>www<\/span><span>.chce<\/span><span>-inaczej<\/span><span>.pl<\/span><\/a>.<\/p>\n<p>Ka\u017cda sesja terapeutyczna to dla mnie okazja, by pom\u00f3c pacjentowi odkry\u0107 nowe perspektywy i odnale\u017a\u0107 si\u0142\u0119 do wprowadzania pozytywnych zmian w swoim \u017cyciu.<\/p>\n<p>[\/et_pb_team_member][\/et_pb_column][\/et_pb_row][et_pb_row _builder_version=&#8221;4.27.2&#8243; _module_preset=&#8221;default&#8221; global_colors_info=&#8221;{}&#8221;][et_pb_column type=&#8221;4_4&#8243; _builder_version=&#8221;4.27.2&#8243; _module_preset=&#8221;default&#8221; global_colors_info=&#8221;{}&#8221;][et_pb_button button_url=&#8221;https:\/\/www.znanylekarz.pl\/aneta-piskorek\/psycholog\/tychy&#8221; button_text=&#8221;Kliknij i przeczytaj wi\u0119cej opinii&#8221; button_alignment=&#8221;right&#8221; _builder_version=&#8221;4.27.2&#8243; _module_preset=&#8221;default&#8221; custom_button=&#8221;on&#8221; button_text_size=&#8221;14px&#8221; button_text_color=&#8221;#FFFFFF&#8221; button_bg_color=&#8221;#0C71C3&#8243; button_border_radius=&#8221;10px&#8221; button_font=&#8221;Montserrat||||||||&#8221; global_colors_info=&#8221;{}&#8221;][\/et_pb_button][\/et_pb_column][\/et_pb_row][\/et_pb_section]<\/p>\n","protected":false},"excerpt":{"rendered":"<p>Psycholog i psychoterapeuta \u2013 zaanga\u017cowanie, wyrozumia\u0142o\u015b\u0107, profesjonalizm Jestem psychologiem i psychoterapeut\u0105 z pasj\u0105 oraz zaanga\u017cowaniem w niesienie pomocy osobom w trudnych momentach ich \u017cycia. Moim priorytetem jest zbudowanie relacji opartej na zaufaniu i empatii, co pozwala na stworzenie bezpiecznej przestrzeni dla pracy nad emocjami i trudno\u015bciami. Do\u015bwiadczenie zawodowe: Psycholog w Fundacji Marwarii Psycholog i terapeuta [&hellip;]<\/p>\n","protected":false},"author":1,"featured_media":0,"parent":0,"menu_order":0,"comment_status":"closed","ping_status":"closed","template":"","meta":{"_et_pb_use_builder":"on","_et_pb_old_content":"","_et_gb_content_width":"","footnotes":""},"class_list":["post-375","page","type-page","status-publish","hentry"],"_links":{"self":[{"href":"https:\/\/centruminpsychekatowice.pl\/index.php\/wp-json\/wp\/v2\/pages\/375","targetHints":{"allow":["GET"]}}],"collection":[{"href":"https:\/\/centruminpsychekatowice.pl\/index.php\/wp-json\/wp\/v2\/pages"}],"about":[{"href":"https:\/\/centruminpsychekatowice.pl\/index.php\/wp-json\/wp\/v2\/types\/page"}],"author":[{"embeddable":true,"href":"https:\/\/centruminpsychekatowice.pl\/index.php\/wp-json\/wp\/v2\/users\/1"}],"replies":[{"embeddable":true,"href":"https:\/\/centruminpsychekatowice.pl\/index.php\/wp-json\/wp\/v2\/comments?post=375"}],"version-history":[{"count":6,"href":"https:\/\/centruminpsychekatowice.pl\/index.php\/wp-json\/wp\/v2\/pages\/375\/revisions"}],"predecessor-version":[{"id":754,"href":"https:\/\/centruminpsychekatowice.pl\/index.php\/wp-json\/wp\/v2\/pages\/375\/revisions\/754"}],"wp:attachment":[{"href":"https:\/\/centruminpsychekatowice.pl\/index.php\/wp-json\/wp\/v2\/media?parent=375"}],"curies":[{"name":"wp","href":"https:\/\/api.w.org\/{rel}","templated":true}]}}